{"id":6738,"date":"2022-01-24T09:15:24","date_gmt":"2022-01-24T09:15:24","guid":{"rendered":"https:\/\/www.ikvet.lv\/?page_id=6738"},"modified":"2026-03-04T16:48:02","modified_gmt":"2026-03-04T16:48:02","slug":"vakcinacija","status":"publish","type":"page","link":"https:\/\/www.ikvet.lv\/?page_id=6738","title":{"rendered":"Vakcin\u0101cija"},"content":{"rendered":"\r\n<p>Vakcin\u0101cijas apliec\u012bba \u20ac 7.00<br \/>ES lolojuma dz\u012bvnieku pase \u20ac 12.00<br \/>Mikro\u010dipa ievad\u012b\u0161ana \u20ac 20.00<br \/>ES pase + mikro\u010dips \u20ac 25.00<br \/>Re\u0123istr\u0101cija LDC + valsts nodeva \u20ac 14.50<br \/><strong>Su\u0146iem:<\/strong><br \/>Trakums\u0113rga (uz 3 gadiem) \u20ac 25.00<br \/>Trakums\u0113rga(uz 3 gadiem) + leptospiroze (Nobivac LR) \u20ac 30.00-32.00<br \/>Su\u0146u infekcijas slim\u012bbas, t.sk. leptospiroze (DHPPi+Lmulti) \u20ac 25.00-27.00<br \/>Su\u0146u inf. slim\u012bbas, t.sk. leptospiroze + trakums\u0113rga DHPPI+LR (trakums\u0113rga uz 3 gadiem) \u20ac 34.00-36.00<br \/>Audz\u0113tavu klepus \u20ac 30.00<\/p>\r\n<p><br \/><strong>Ka\u0137iem:<\/strong><br \/>Trakums\u0113rga Nobivac Rabies (ar adjuvantu) \u20ac 25.00<br \/>Ka\u0137u infekcijas slim\u012bbas Nobivac Tricat Trio \u20ac 24.00<br \/>Nobivac Tricat Trio + Nobivac Rabies \u20ac 33.00-35.00<br \/>Trusim: Miksomatozes un hemor\u0101\u0123isk\u0101s septic\u0113mijas vakc\u012bna \u20ac 20.00<\/p>\r\n","protected":false},"excerpt":{"rendered":"<p>Vakcin\u0101cijas apliec\u012bba \u20ac 7.00ES lolojuma dz\u012bvnieku pase \u20ac 12.00Mikro\u010dipa ievad\u012b\u0161ana \u20ac 20.00ES pase + mikro\u010dips \u20ac 25.00Re\u0123istr\u0101cija LDC + valsts nodeva \u20ac 14.50Su\u0146iem:Trakums\u0113rga (uz 3 gadiem) \u20ac 25.00Trakums\u0113rga(uz 3 gadiem) + leptospiroze (Nobivac LR) \u20ac 30.00-32.00Su\u0146u infekcijas slim\u012bbas, t.sk. leptospiroze (DHPPi+Lmulti) \u20ac 25.00-27.00Su\u0146u inf. slim\u012bbas, t.sk. leptospiroze + trakums\u0113rga DHPPI+LR (trakums\u0113rga uz 3 gadiem) \u20ac &hellip; <\/p>\n<p class=\"link-more\"><a href=\"https:\/\/www.ikvet.lv\/?page_id=6738\" class=\"more-link\">Read more<span class=\"screen-reader-text\"> &#8220;Vakcin\u0101cija&#8221;<\/span><\/a><\/p>\n","protected":false},"author":1,"featured_media":0,"parent":0,"menu_order":0,"comment_status":"closed","ping_status":"closed","template":"","meta":{"footnotes":""},"class_list":["post-6738","page","type-page","status-publish","hentry"],"_links":{"self":[{"href":"https:\/\/www.ikvet.lv\/index.php?rest_route=\/wp\/v2\/pages\/6738","targetHints":{"allow":["GET"]}}],"collection":[{"href":"https:\/\/www.ikvet.lv\/index.php?rest_route=\/wp\/v2\/pages"}],"about":[{"href":"https:\/\/www.ikvet.lv\/index.php?rest_route=\/wp\/v2\/types\/page"}],"author":[{"embeddable":true,"href":"https:\/\/www.ikvet.lv\/index.php?rest_route=\/wp\/v2\/users\/1"}],"replies":[{"embeddable":true,"href":"https:\/\/www.ikvet.lv\/index.php?rest_route=%2Fwp%2Fv2%2Fcomments&post=6738"}],"version-history":[{"count":7,"href":"https:\/\/www.ikvet.lv\/index.php?rest_route=\/wp\/v2\/pages\/6738\/revisions"}],"predecessor-version":[{"id":7218,"href":"https:\/\/www.ikvet.lv\/index.php?rest_route=\/wp\/v2\/pages\/6738\/revisions\/7218"}],"wp:attachment":[{"href":"https:\/\/www.ikvet.lv\/index.php?rest_route=%2Fwp%2Fv2%2Fmedia&parent=6738"}],"curies":[{"name":"wp","href":"https:\/\/api.w.org\/{rel}","templated":true}]}}